{"id":110,"date":"2020-02-03T17:04:34","date_gmt":"2020-02-03T16:04:34","guid":{"rendered":"http:\/\/www.topcleanuklid.cz\/domains\/topcleanuklid.cz\/?page_id=110"},"modified":"2021-02-01T20:59:25","modified_gmt":"2021-02-01T19:59:25","slug":"sluzby","status":"publish","type":"page","link":"https:\/\/www.topcleanuklid.cz\/domains\/topcleanuklid.cz\/sluzby\/","title":{"rendered":"Slu\u017eby"},"content":{"rendered":"<p>[et_pb_section fb_built=&#8220;1&#8243; fullwidth=&#8220;on&#8220; admin_label=&#8220;Header&#8220; _builder_version=&#8220;4.6.0&#8243; background_image=&#8220;http:\/\/www.topcleanuklid.cz\/domains\/topcleanuklid.cz\/wp-content\/uploads\/2020\/02\/cleaning-services-18.jpg&#8220; custom_margin=&#8220;|||&#8220; custom_padding=&#8220;|||&#8220;][et_pb_fullwidth_header title=&#8220;Slu\u017eby&#8220; button_one_text=&#8220;Rezervujte si na\u0161e slu\u017eby ZDE&#8220; button_one_url=&#8220;http:\/\/www.topcleanuklid.cz\/domains\/topcleanuklid.cz\/cenik-2#F&#8220; button_two_url=&#8220;#&#8220; scroll_down_icon_size_tablet=&#8220;&#8220; scroll_down_icon_size_phone=&#8220;&#8220; scroll_down_icon_size_last_edited=&#8220;on|phone&#8220; _builder_version=&#8220;4.8.0&#8243; title_font=&#8220;Ubuntu|700|||||||&#8220; title_font_size=&#8220;45px&#8220; title_line_height=&#8220;1.2em&#8220; content_font=&#8220;|600|||||||&#8220; content_font_size=&#8220;15px&#8220; content_line_height=&#8220;2em&#8220; background_color=&#8220;rgba(255,255,255,0)&#8220; use_background_color_gradient=&#8220;on&#8220; background_color_gradient_start=&#8220;#ffffff&#8220; background_color_gradient_end=&#8220;rgba(255,255,255,0.64)&#8220; background_color_gradient_type=&#8220;radial&#8220; background_color_gradient_start_position=&#8220;21%&#8220; button_one_text_size=&#8220;18px&#8220; button_one_text_color=&#8220;#ffffff&#8220; button_one_bg_color_gradient_start=&#8220;#f2835a&#8220; button_one_bg_color_gradient_end=&#8220;#fab993&#8243; button_one_bg_color_gradient_direction=&#8220;90deg&#8220; button_one_bg_color_gradient_overlays_image=&#8220;on&#8220; button_one_border_width=&#8220;10px&#8220; button_one_border_color=&#8220;#01750a&#8220; button_one_border_radius=&#8220;0px&#8220; button_one_font=&#8220;Ubuntu|700|||||||&#8220; custom_button_two=&#8220;on&#8220; button_two_text_size=&#8220;18px&#8220; button_two_text_color=&#8220;#ffffff&#8220; button_two_bg_color=&#8220;#557df3&#8243; button_two_border_width=&#8220;10px&#8220; button_two_border_color=&#8220;#557df3&#8243; button_two_border_radius=&#8220;0px&#8220; button_two_font=&#8220;Ubuntu|700|||||||&#8220; background_layout=&#8220;light&#8220; custom_padding=&#8220;5vw||5vw||false|&#8220; custom_padding_tablet=&#8220;||||false&#8220; custom_padding_phone=&#8220;3vw||6vw||false&#8220; custom_padding_last_edited=&#8220;on|phone&#8220; animation_style=&#8220;fade&#8220; title_font_size_tablet=&#8220;35px&#8220; title_font_size_phone=&#8220;25px&#8220; title_font_size_last_edited=&#8220;on|phone&#8220; content_font_size_tablet=&#8220;16px&#8220; content_font_size_phone=&#8220;14px&#8220; content_font_size_last_edited=&#8220;on|phone&#8220; button_one_text_size_tablet=&#8220;&#8220; button_one_text_size_phone=&#8220;&#8220; button_one_text_size_last_edited=&#8220;on|desktop&#8220; button_one_border_radius_hover=&#8220;0px&#8220; button_two_border_radius_hover=&#8220;0px&#8220; button_one_text_size__hover_enabled=&#8220;off&#8220; button_two_text_size__hover_enabled=&#8220;off&#8220; button_one_text_color__hover_enabled=&#8220;off&#8220; button_two_text_color__hover_enabled=&#8220;off&#8220; button_one_border_width__hover_enabled=&#8220;off&#8220; button_two_border_width__hover_enabled=&#8220;off&#8220; button_one_border_color__hover_enabled=&#8220;off&#8220; button_two_border_color__hover_enabled=&#8220;off&#8220; button_one_border_radius__hover_enabled=&#8220;on&#8220; button_one_border_radius__hover=&#8220;0px&#8220; button_two_border_radius__hover_enabled=&#8220;on&#8220; button_two_border_radius__hover=&#8220;0px&#8220; button_one_letter_spacing__hover_enabled=&#8220;off&#8220; button_two_letter_spacing__hover_enabled=&#8220;off&#8220; button_one_bg_color__hover_enabled=&#8220;off&#8220; button_two_bg_color__hover_enabled=&#8220;off&#8220;]<\/p>\n<div class=\"col-md-6 pc-medzera-z-prava\">\n<p>Mimo standardn\u00edho pravideln\u00e9ho a jednor\u00e1zov\u00e9ho \u00faklidu nab\u00edz\u00edme i ekologick\u00e9, sez\u00f3nn\u00ed, p\u0159edkolauda\u010dn\u00ed a gener\u00e1ln\u00ed \u00faklidy.<\/p>\n<p>Porad\u00edme si i s hloubkov\u00fdm \u00faklidem po n\u00e1jemn\u00edc\u00edch, mal\u00ed\u0159\u00edch, rekonstrukc\u00edch, stavebn\u00edch prac\u00edch a podobn\u011b.<\/p>\n<p>Na\u0161i z\u00e1kazn\u00edci mohou vyu\u017e\u00edt i jin\u00e9 slu\u017eby, jako je um\u00fdv\u00e1n\u00ed oken, i za pou\u017eit\u00ed v\u00fd\u0161kov\u00e9 techniky, strojov\u00e9 \u010di\u0161t\u011bn\u00ed podlah, parn\u00ed \u010di\u0161t\u011bn\u00ed,<\/p>\n<p>tepovac\u00ed slu\u017eby \u010di \u017eehlen\u00ed.<\/p>\n<\/div>\n<div class=\"col-md-6 pc-medzera-z-lava\">\n<p>P\u0159i pr\u00e1ci pou\u017e\u00edvame profesion\u00e1ln\u00ed \u010dist\u00edc\u00ed prost\u0159edky a stroje zn. K\u00e4rcher. Klademe d\u016fraz na \u0161etrnost ke v\u0161em typ\u016fm povrch\u016f.<\/p>\n<p>\u00daklidov\u00e9 slu\u017eby nab\u00edz\u00edme pro rodinn\u00e9 domy \/ byty, zdravotnick\u00e9 za\u0159\u00edzen\u00ed,<\/p>\n<p>firemn\u00ed prostory, kancel\u00e1\u0159e, obchodn\u00ed a komer\u010dn\u00ed prostory, sklady, v\u00fdrobn\u00ed haly, pr\u016fmyslov\u00e9 objekty, stavebn\u00ed firmy a jin\u00e9.<\/p>\n<p>M\u00e1me individu\u00e1ln\u00ed p\u0159\u00edstup ke ka\u017ed\u00e9mu z\u00e1kazn\u00edkovi.<\/p>\n<p>Na\u0161e firma m\u00e1 sjednan\u00e9 poji\u0161t\u011bn\u00ed odpov\u011bdnosti za \u0161kodu podnikatele.<\/p>\n<p>&nbsp;<\/p>\n<p><span style=\"color: #01750a;\">Pro na\u0161e st\u00e1l\u00e9 z\u00e1kazn\u00edky m\u00e1me p\u0159ipraven\u00e9 zaj\u00edmav\u00e9 slevy.<\/span>\u00a0<\/p>\n<\/div>\n<p>&nbsp;<\/p>\n<p>[\/et_pb_fullwidth_header][\/et_pb_section][et_pb_section fb_built=&#8220;1&#8243; admin_label=&#8220;About Us&#8220; _builder_version=&#8220;3.22&#8243;][et_pb_row column_structure=&#8220;1_3,1_3,1_3&#8243; _builder_version=&#8220;4.8.0&#8243; locked=&#8220;off&#8220;][et_pb_column type=&#8220;1_3&#8243; _builder_version=&#8220;3.25&#8243; custom_padding=&#8220;|||&#8220; custom_padding__hover=&#8220;|||&#8220;][et_pb_blurb title=&#8220;\u00daklid dom\u00e1cnost\u00ed&#8220; use_icon=&#8220;on&#8220; font_icon=&#8220;%%202%%&#8220; icon_placement=&#8220;left&#8220; content_max_width=&#8220;100%&#8220; use_icon_font_size=&#8220;on&#8220; icon_font_size=&#8220;22px&#8220; module_id=&#8220;S&#8220; _builder_version=&#8220;4.8.0&#8243; header_font=&#8220;Ubuntu|700|||||||&#8220; header_font_size=&#8220;18px&#8220; header_line_height=&#8220;1.2em&#8220; body_font=&#8220;||||||||&#8220; body_line_height=&#8220;1.8em&#8220; custom_margin=&#8220;|||&#8220; header_font_size_last_edited=&#8220;off|desktop&#8220; locked=&#8220;off&#8220;]<\/p>\n<div class=\"col-md-6 ukazka-auta\">Nab\u00edz\u00edme V\u00e1m komplexn\u00ed soubor slu\u017eeb pro Va\u0161i dom\u00e1cnost, kter\u00fd V\u00e1m odleh\u010d\u00ed od \u00faklidu a p\u0159inese \u010distotu, po\u0159\u00e1dek a v\u016fni do Va\u0161eho domova. Do dom\u00e1cnost\u00ed pos\u00edl\u00e1me zku\u0161en\u00fd a prax\u00ed prov\u011b\u0159en\u00fd person\u00e1l, kter\u00fd pln\u00ed vysok\u00e9, jak profesn\u00ed, tak i osobn\u00ed p\u0159edpoklady. A samoz\u0159ejm\u011b, zaru\u010dujeme bezpe\u010dnost a diskr\u00e9tnost.<\/div>\n<p>[\/et_pb_blurb][\/et_pb_column][et_pb_column type=&#8220;1_3&#8243; _builder_version=&#8220;3.25&#8243; custom_padding=&#8220;|||&#8220; custom_padding__hover=&#8220;|||&#8220;][et_pb_blurb title=&#8220;Myt\u00ed oken&#8220; use_icon=&#8220;on&#8220; font_icon=&#8220;%%202%%&#8220; icon_placement=&#8220;left&#8220; content_max_width=&#8220;100%&#8220; use_icon_font_size=&#8220;on&#8220; icon_font_size=&#8220;22px&#8220; _builder_version=&#8220;4.6.0&#8243; header_font=&#8220;Ubuntu|700|||||||&#8220; header_font_size=&#8220;18px&#8220; header_line_height=&#8220;1.2em&#8220; body_font=&#8220;||||||||&#8220; body_line_height=&#8220;1.8em&#8220; custom_margin=&#8220;|||&#8220; header_font_size_last_edited=&#8220;off|desktop&#8220; locked=&#8220;off&#8220;]<\/p>\n<div class=\"col-md-6 ukazka-auta\">\n<div class=\"CarBox\">\n<div class=\"left\"><\/div>\n<div class=\"right\">\n<p><span class=\"price\"><\/span><\/p>\n<div class=\"clearfix\"><\/div>\n<p>Myt\u00ed oken, v\u00fdkladn\u00edch a prosklen\u00fdch v\u00fdloh nab\u00edz\u00edme pro dom\u00e1cnosti, firmy, restaura\u010dn\u00ed za\u0159\u00edzen\u00ed, obchodn\u00ed prostory a centra. Zajist\u00edme um\u00fdv\u00e1n\u00ed \u017ealuzi\u00ed, plastov\u00fdch r\u00e1m\u016f, klik a parapet\u016f.<\/p>\n<\/div>\n<\/div>\n<\/div>\n<p>[\/et_pb_blurb][\/et_pb_column][et_pb_column type=&#8220;1_3&#8243; _builder_version=&#8220;3.25&#8243; custom_padding=&#8220;|||&#8220; custom_padding__hover=&#8220;|||&#8220;][et_pb_blurb title=&#8220;\u00daklid firem&#8220; use_icon=&#8220;on&#8220; font_icon=&#8220;%%202%%&#8220; icon_placement=&#8220;left&#8220; content_max_width=&#8220;100%&#8220; use_icon_font_size=&#8220;on&#8220; icon_font_size=&#8220;22px&#8220; _builder_version=&#8220;4.6.0&#8243; header_font=&#8220;Ubuntu|700|||||||&#8220; header_font_size=&#8220;18px&#8220; header_line_height=&#8220;1.2em&#8220; body_font=&#8220;||||||||&#8220; body_line_height=&#8220;1.8em&#8220; custom_margin=&#8220;|||&#8220; header_font_size_last_edited=&#8220;off|desktop&#8220; locked=&#8220;off&#8220;]<\/p>\n<div class=\"col-md-6 ukazka-auta\">\n<div class=\"CarBox\">\n<div class=\"left\"><\/div>\n<div class=\"right\">\n<div class=\"clearfix\"><\/div>\n<p>Na\u0161e \u00faklidov\u00e1 firma V\u00e1m zabezpe\u010d\u00ed jednorazov\u00e9 i pravideln\u00e9 \u00faklidy. \u00daklidov\u00fd servis nab\u00edz\u00edme pro \u010di\u0161t\u011bn\u00ed firem, kancel\u00e1\u0159\u00ed, sklad\u016f, schod\u016f, obchodn\u00edch, administrativn\u00edch a jin\u00fdch komer\u010dn\u00edch prostor.<\/p>\n<\/div>\n<\/div>\n<\/div>\n<p>[\/et_pb_blurb][\/et_pb_column][\/et_pb_row][et_pb_row column_structure=&#8220;1_3,1_3,1_3&#8243; _builder_version=&#8220;3.25&#8243; locked=&#8220;off&#8220;][et_pb_column type=&#8220;1_3&#8243; _builder_version=&#8220;3.25&#8243; custom_padding=&#8220;|||&#8220; custom_padding__hover=&#8220;|||&#8220;][et_pb_blurb title=&#8220;\u010ci\u0161t\u011bn\u00ed koberc\u016f&#8220; use_icon=&#8220;on&#8220; font_icon=&#8220;%%202%%&#8220; icon_placement=&#8220;left&#8220; content_max_width=&#8220;100%&#8220; use_icon_font_size=&#8220;on&#8220; icon_font_size=&#8220;22px&#8220; _builder_version=&#8220;4.6.0&#8243; header_font=&#8220;Ubuntu|700|||||||&#8220; header_font_size=&#8220;18px&#8220; header_line_height=&#8220;1.2em&#8220; body_font=&#8220;||||||||&#8220; body_line_height=&#8220;1.8em&#8220; custom_margin=&#8220;|||&#8220; header_font_size_last_edited=&#8220;off|desktop&#8220; locked=&#8220;off&#8220;]<\/p>\n<p>Profesion\u00e1ln\u00edm strojov\u00fdm tepov\u00e1n\u00edm koberc\u016f, sedac\u00edch souprav, stoli\u010dek, k\u0159esel a taburetek V\u00e1m odstran\u00edme i star\u00e9 ne\u010distoty, skvrny, prach, rozto\u010de, alergeny, pl\u00edsn\u011b a ne\u017e\u00e1douc\u00ed pachy.<strong><\/strong><\/p>\n<p>[\/et_pb_blurb][\/et_pb_column][et_pb_column type=&#8220;1_3&#8243; _builder_version=&#8220;3.25&#8243; custom_padding=&#8220;|||&#8220; custom_padding__hover=&#8220;|||&#8220;][et_pb_blurb title=&#8220;\u00daklid kancel\u00e1\u0159\u00ed&#8220; use_icon=&#8220;on&#8220; font_icon=&#8220;%%202%%&#8220; icon_placement=&#8220;left&#8220; content_max_width=&#8220;100%&#8220; use_icon_font_size=&#8220;on&#8220; icon_font_size=&#8220;22px&#8220; _builder_version=&#8220;4.6.0&#8243; header_font=&#8220;Ubuntu|700|||||||&#8220; header_font_size=&#8220;18px&#8220; header_line_height=&#8220;1.2em&#8220; body_font=&#8220;||||||||&#8220; body_line_height=&#8220;1.8em&#8220; custom_margin=&#8220;|||&#8220; header_font_size_last_edited=&#8220;off|desktop&#8220; locked=&#8220;off&#8220;]<\/p>\n<p>Poskytujeme pravideln\u00e9 a jednorazov\u00e9 \u00faklidov\u00e9 slu\u017eby v kancel\u00e1\u0159sk\u00fdch prostorech, s\u00eddlech firem, advok\u00e1tn\u00edch a not\u00e1\u0159sk\u00fdch kancel\u00e1\u0159\u00edch.<\/p>\n<p>[\/et_pb_blurb][\/et_pb_column][et_pb_column type=&#8220;1_3&#8243; _builder_version=&#8220;3.25&#8243; custom_padding=&#8220;|||&#8220; custom_padding__hover=&#8220;|||&#8220;][et_pb_blurb title=&#8220;\u00daklid zdravotnick\u00fdch za\u0159\u00edzen\u00ed&#8220; use_icon=&#8220;on&#8220; font_icon=&#8220;%%202%%&#8220; icon_placement=&#8220;left&#8220; content_max_width=&#8220;100%&#8220; use_icon_font_size=&#8220;on&#8220; icon_font_size=&#8220;22px&#8220; _builder_version=&#8220;4.6.0&#8243; header_font=&#8220;Ubuntu|700|||||||&#8220; header_font_size=&#8220;18px&#8220; header_line_height=&#8220;1.2em&#8220; body_font=&#8220;||||||||&#8220; body_line_height=&#8220;1.8em&#8220; custom_margin=&#8220;|||&#8220; header_font_size_last_edited=&#8220;off|desktop&#8220; locked=&#8220;off&#8220;]<\/p>\n<div class=\"right\">\n<p>Specializujeme se i na zdravotnick\u00e1 za\u0159\u00edzen\u00ed, jako jsou ambulance, kliniky, soukrom\u00e1 zdravotnick\u00e1 za\u0159\u00edzen\u00ed, denn\u00ed pobytov\u00e1 centra, ale tak\u00e9 prostory poh\u0159ebn\u00edch \u00fastav\u016f, ob\u0159adn\u00edch s\u00edn\u00ed a dal\u0161\u00edch za\u0159\u00edzen\u00ed vy\u017eadujic\u00ed speci\u00e1ln\u00ed dezifenk\u010dn\u00ed prost\u0159edky.<\/p>\n<\/div>\n<div class=\"cf\"><\/div>\n<p>[\/et_pb_blurb][\/et_pb_column][\/et_pb_row][et_pb_row column_structure=&#8220;1_3,1_3,1_3&#8243; _builder_version=&#8220;3.25&#8243; locked=&#8220;off&#8220;][et_pb_column type=&#8220;1_3&#8243; _builder_version=&#8220;3.25&#8243; custom_padding=&#8220;|||&#8220; custom_padding__hover=&#8220;|||&#8220;][et_pb_blurb title=&#8220;\u00daklid staveb&#8220; use_icon=&#8220;on&#8220; font_icon=&#8220;%%202%%&#8220; icon_placement=&#8220;left&#8220; content_max_width=&#8220;100%&#8220; use_icon_font_size=&#8220;on&#8220; icon_font_size=&#8220;22px&#8220; _builder_version=&#8220;4.6.0&#8243; header_font=&#8220;Ubuntu|700|||||||&#8220; header_font_size=&#8220;18px&#8220; header_line_height=&#8220;1.2em&#8220; body_font=&#8220;||||||||&#8220; body_line_height=&#8220;1.8em&#8220; custom_margin=&#8220;|||&#8220; header_font_size_last_edited=&#8220;off|desktop&#8220; locked=&#8220;off&#8220;]<\/p>\n<p>\u010ci\u0161t\u011bn\u00ed stavebn\u00edch prostor pat\u0159\u00ed k dal\u0161\u00edm slu\u017eb\u00e1m, kter\u00e9 na\u0161e firma nab\u00edz\u00ed. Zam\u011b\u0159ujeme se p\u0159edev\u0161\u00edm na \u010di\u0161t\u011bn\u00ed ji\u017e dokon\u010den\u00fdch staveb, kde se klade d\u016fraz na \u010di\u0161t\u011bn\u00ed oken a okenn\u00edch r\u00e1m\u016f, dve\u0159\u00ed a z\u00e1rubn\u00ed, podlah, dla\u017eeb, sanity atd.<\/p>\n<p>[\/et_pb_blurb][\/et_pb_column][et_pb_column type=&#8220;1_3&#8243; _builder_version=&#8220;3.25&#8243; custom_padding=&#8220;|||&#8220; custom_padding__hover=&#8220;|||&#8220;][et_pb_blurb title=&#8220;\u00daklid spole\u010dn\u00fdch prostor&#8220; use_icon=&#8220;on&#8220; font_icon=&#8220;%%202%%&#8220; icon_placement=&#8220;left&#8220; content_max_width=&#8220;100%&#8220; use_icon_font_size=&#8220;on&#8220; icon_font_size=&#8220;22px&#8220; _builder_version=&#8220;4.6.0&#8243; header_font=&#8220;Ubuntu|700|||||||&#8220; header_font_size=&#8220;18px&#8220; header_line_height=&#8220;1.2em&#8220; body_font=&#8220;||||||||&#8220; body_line_height=&#8220;1.8em&#8220; custom_margin=&#8220;|||&#8220; header_font_size_last_edited=&#8220;off|desktop&#8220; locked=&#8220;off&#8220;]<\/p>\n<p>Poskytujeme kompletn\u00ed \u00faklid nebytov\u00fdch prostor bytov\u00fdch dom\u016f b\u011bhem cel\u00e9ho roku. Nab\u00edz\u00edme pravideln\u00e9, ale i jednor\u00e1zov\u00e9 \u00faklidy spole\u010dn\u00fdch prostor, v\u010detn\u011b v\u00fdtah\u016f, schodi\u0161t\u011b, vstupn\u00edch prostor a sklep\u016f. Prioritou na\u0161\u00ed spole\u010dnosti je zabezpe\u010dit \u010dist\u00e9 bydlen\u00ed prost\u0159ednictv\u00edm dob\u0159e zorganizovan\u00e9ho syst\u00e9mu pr\u00e1ce a spolehliv\u00e9ho person\u00e1lu.<\/p>\n<p>[\/et_pb_blurb][\/et_pb_column][et_pb_column type=&#8220;1_3&#8243; _builder_version=&#8220;3.25&#8243; custom_padding=&#8220;|||&#8220; custom_padding__hover=&#8220;|||&#8220;][et_pb_blurb title=&#8220;\u00daklid po stavb\u011b, rekonstrukci, malov\u00e1n\u00ed&#8220; use_icon=&#8220;on&#8220; font_icon=&#8220;%%202%%&#8220; icon_placement=&#8220;left&#8220; content_max_width=&#8220;100%&#8220; use_icon_font_size=&#8220;on&#8220; icon_font_size=&#8220;22px&#8220; _builder_version=&#8220;4.6.0&#8243; header_font=&#8220;Ubuntu|700|||||||&#8220; header_font_size=&#8220;18px&#8220; header_line_height=&#8220;1.2em&#8220; body_font=&#8220;||||||||&#8220; body_line_height=&#8220;1.8em&#8220; custom_margin=&#8220;|||&#8220; header_font_size_last_edited=&#8220;off|desktop&#8220; locked=&#8220;off&#8220;]<\/p>\n<p>Poskytujeme p\u0159edkolauda\u010dn\u00ed \u00faklidy, \u010di\u0161t\u011bn\u00ed a ukl\u00edzen\u00ed po rekonstrukci, malovan\u00ed, p\u0159ed a po st\u011bhovan\u00ed atd.<\/p>\n<p>[\/et_pb_blurb][\/et_pb_column][\/et_pb_row][et_pb_row column_structure=&#8220;1_3,1_3,1_3&#8243; _builder_version=&#8220;3.25&#8243; locked=&#8220;off&#8220;][et_pb_column type=&#8220;1_3&#8243; _builder_version=&#8220;3.25&#8243; custom_padding=&#8220;|||&#8220; custom_padding__hover=&#8220;|||&#8220;][et_pb_blurb title=&#8220;\u017dehlen\u00ed&#8220; use_icon=&#8220;on&#8220; font_icon=&#8220;%%202%%&#8220; icon_placement=&#8220;left&#8220; content_max_width=&#8220;100%&#8220; use_icon_font_size=&#8220;on&#8220; icon_font_size=&#8220;22px&#8220; _builder_version=&#8220;4.6.0&#8243; header_font=&#8220;Ubuntu|700|||||||&#8220; header_font_size=&#8220;18px&#8220; header_line_height=&#8220;1.2em&#8220; body_font=&#8220;||||||||&#8220; body_line_height=&#8220;1.8em&#8220; custom_margin=&#8220;|||&#8220; header_font_size_last_edited=&#8220;off|desktop&#8220; locked=&#8220;off&#8220;]<\/p>\n<p>Nebav\u00ed V\u00e1s \u017eehlen\u00ed? Nem\u00e1te \u010das, a nebo chu\u0165? R\u00e1di V\u00e1m s t\u00edm pom\u016f\u017eeme. Va\u0161e pr\u00e1dlo a text\u00edlie vyzvedneme, vy\u017eehl\u00edme <br \/>a doru\u010d\u00edme zp\u011bt k V\u00e1m.<\/p>\n<p>[\/et_pb_blurb][\/et_pb_column][et_pb_column type=&#8220;1_3&#8243; _builder_version=&#8220;3.25&#8243; custom_padding=&#8220;|||&#8220; custom_padding__hover=&#8220;|||&#8220;][\/et_pb_column][et_pb_column type=&#8220;1_3&#8243; _builder_version=&#8220;3.25&#8243; custom_padding=&#8220;|||&#8220; custom_padding__hover=&#8220;|||&#8220;][et_pb_blurb title=&#8220;Drobn\u00e9 opravy a \u00fapravy&#8220; use_icon=&#8220;on&#8220; font_icon=&#8220;%%202%%&#8220; icon_placement=&#8220;left&#8220; content_max_width=&#8220;100%&#8220; use_icon_font_size=&#8220;on&#8220; icon_font_size=&#8220;22px&#8220; _builder_version=&#8220;4.6.0&#8243; header_font=&#8220;Ubuntu|700|||||||&#8220; header_font_size=&#8220;18px&#8220; header_line_height=&#8220;1.2em&#8220; body_font=&#8220;||||||||&#8220; body_line_height=&#8220;1.8em&#8220; custom_margin=&#8220;|||&#8220; header_font_size_last_edited=&#8220;off|desktop&#8220; locked=&#8220;off&#8220;]<\/p>\n<p>Jste pracovn\u011b zanepr\u00e1zdn\u011bni a nem\u00e1te \u010das na b\u011b\u017en\u00e9 opravy v byt\u011b, dom\u011b,<br \/> a nebo jeho okol\u00ed? Pot\u0159ebujete zapojit sv\u011btla, smontovat n\u00e1bytek, pov\u011bsit poli\u010dky, \u010di zapojit spot\u0159ebi\u010de? Nev\u00e1hejte n\u00e1s kontaktovat, r\u00e1di V\u00e1m s t\u00edm pom\u016f\u017eeme.<\/p>\n<p>[\/et_pb_blurb][\/et_pb_column][\/et_pb_row][\/et_pb_section][et_pb_section fb_built=&#8220;1&#8243; admin_label=&#8220;Footer&#8220; _builder_version=&#8220;4.2.2&#8243; use_background_color_gradient=&#8220;on&#8220; background_color_gradient_start=&#8220;#01750a&#8220; background_color_gradient_end=&#8220;#003306&#8243; background_color_gradient_direction=&#8220;90deg&#8220; max_width=&#8220;90%&#8220; max_width_tablet=&#8220;90%&#8220; max_width_phone=&#8220;100%&#8220; max_width_last_edited=&#8220;on|phone&#8220; module_alignment=&#8220;right&#8220; custom_margin=&#8220;|||&#8220; custom_margin_last_edited=&#8220;off|desktop&#8220; animation_style=&#8220;slide&#8220; animation_direction=&#8220;right&#8220; animation_intensity_slide=&#8220;5%&#8220; border_radii=&#8220;on|6px|6px|6px|6px&#8220; box_shadow_style=&#8220;preset4&#8243; box_shadow_horizontal=&#8220;20px&#8220; box_shadow_vertical=&#8220;-20px&#8220; box_shadow_color=&#8220;rgba(48,106,255,0.16)&#8220; saved_tabs=&#8220;all&#8220;][et_pb_row _builder_version=&#8220;3.25&#8243;][et_pb_column type=&#8220;4_4&#8243; _builder_version=&#8220;3.25&#8243; custom_padding=&#8220;|||&#8220; custom_padding__hover=&#8220;|||&#8220;][et_pb_cta title=&#8220;603 546 882&#8243; button_url=&#8220;http:\/\/www.topcleanuklid.cz\/domains\/topcleanuklid.cz\/cenik-2#F&#8220; button_text=&#8220;Online formul\u00e1\u0159&#8220; _builder_version=&#8220;4.8.0&#8243; header_level=&#8220;h4&#8243; header_font=&#8220;Ubuntu|700|||||||&#8220; header_font_size=&#8220;40px&#8220; header_line_height=&#8220;1.4em&#8220; body_font=&#8220;Ubuntu|700|||||||&#8220; body_font_size=&#8220;22px&#8220; body_line_height=&#8220;1.5em&#8220; background_color=&#8220;rgba(126,190,197,0)&#8220; custom_button=&#8220;on&#8220; button_text_size=&#8220;18px&#8220; button_text_color=&#8220;#01750a&#8220; button_bg_color=&#8220;#ffffff&#8220; button_border_width=&#8220;10px&#8220; button_border_color=&#8220;#ffffff&#8220; button_border_radius=&#8220;0px&#8220; button_font=&#8220;Ubuntu|700|||||||&#8220; header_font_size_tablet=&#8220;&#8220; header_font_size_phone=&#8220;24px&#8220; header_font_size_last_edited=&#8220;on|phone&#8220; button_border_radius_hover=&#8220;0px&#8220; button_text_size__hover_enabled=&#8220;off&#8220; button_one_text_size__hover_enabled=&#8220;off&#8220; button_two_text_size__hover_enabled=&#8220;off&#8220; button_text_color__hover_enabled=&#8220;off&#8220; button_one_text_color__hover_enabled=&#8220;off&#8220; button_two_text_color__hover_enabled=&#8220;off&#8220; button_border_width__hover_enabled=&#8220;off&#8220; button_one_border_width__hover_enabled=&#8220;off&#8220; button_two_border_width__hover_enabled=&#8220;off&#8220; button_border_color__hover_enabled=&#8220;off&#8220; button_one_border_color__hover_enabled=&#8220;off&#8220; button_two_border_color__hover_enabled=&#8220;off&#8220; button_border_radius__hover_enabled=&#8220;on&#8220; button_border_radius__hover=&#8220;0px&#8220; button_one_border_radius__hover_enabled=&#8220;off&#8220; button_two_border_radius__hover_enabled=&#8220;off&#8220; button_letter_spacing__hover_enabled=&#8220;off&#8220; button_one_letter_spacing__hover_enabled=&#8220;off&#8220; button_two_letter_spacing__hover_enabled=&#8220;off&#8220; button_bg_color__hover_enabled=&#8220;off&#8220; button_one_bg_color__hover_enabled=&#8220;off&#8220; button_two_bg_color__hover_enabled=&#8220;off&#8220;]<\/p>\n<p>Rezervujte si na\u0161e slu\u017eby ji\u017e dnes<\/p>\n<p>[\/et_pb_cta][\/et_pb_column][\/et_pb_row][\/et_pb_section]<\/p>\n","protected":false},"excerpt":{"rendered":"<p>[et_pb_section fb_built=&#8220;1&#8243; fullwidth=&#8220;on&#8220; admin_label=&#8220;Header&#8220; _builder_version=&#8220;4.6.0&#8243; background_image=&#8220;http:\/\/www.topcleanuklid.cz\/domains\/topcleanuklid.cz\/wp-content\/uploads\/2020\/02\/cleaning-services-18.jpg&#8220; custom_margin=&#8220;|||&#8220; custom_padding=&#8220;|||&#8220;][et_pb_fullwidth_header title=&#8220;Slu\u017eby&#8220; button_one_text=&#8220;Rezervujte si na\u0161e slu\u017eby ZDE&#8220; button_one_url=&#8220;http:\/\/www.topcleanuklid.cz\/domains\/topcleanuklid.cz\/cenik-2#F&#8220; button_two_url=&#8220;#&#8220; scroll_down_icon_size_tablet=&#8220;&#8220; scroll_down_icon_size_phone=&#8220;&#8220; scroll_down_icon_size_last_edited=&#8220;on|phone&#8220; _builder_version=&#8220;4.8.0&#8243; title_font=&#8220;Ubuntu|700|||||||&#8220; title_font_size=&#8220;45px&#8220; title_line_height=&#8220;1.2em&#8220; content_font=&#8220;|600|||||||&#8220; content_font_size=&#8220;15px&#8220; content_line_height=&#8220;2em&#8220; background_color=&#8220;rgba(255,255,255,0)&#8220; use_background_color_gradient=&#8220;on&#8220; background_color_gradient_start=&#8220;#ffffff&#8220; background_color_gradient_end=&#8220;rgba(255,255,255,0.64)&#8220; background_color_gradient_type=&#8220;radial&#8220; background_color_gradient_start_position=&#8220;21%&#8220; button_one_text_size=&#8220;18px&#8220; button_one_text_color=&#8220;#ffffff&#8220; button_one_bg_color_gradient_start=&#8220;#f2835a&#8220; button_one_bg_color_gradient_end=&#8220;#fab993&#8243; button_one_bg_color_gradient_direction=&#8220;90deg&#8220; button_one_bg_color_gradient_overlays_image=&#8220;on&#8220; button_one_border_width=&#8220;10px&#8220; button_one_border_color=&#8220;#01750a&#8220; button_one_border_radius=&#8220;0px&#8220; button_one_font=&#8220;Ubuntu|700|||||||&#8220; custom_button_two=&#8220;on&#8220; button_two_text_size=&#8220;18px&#8220; button_two_text_color=&#8220;#ffffff&#8220; button_two_bg_color=&#8220;#557df3&#8243; button_two_border_width=&#8220;10px&#8220; button_two_border_color=&#8220;#557df3&#8243; button_two_border_radius=&#8220;0px&#8220; button_two_font=&#8220;Ubuntu|700|||||||&#8220; background_layout=&#8220;light&#8220; custom_padding=&#8220;5vw||5vw||false|&#8220; custom_padding_tablet=&#8220;||||false&#8220; custom_padding_phone=&#8220;3vw||6vw||false&#8220; custom_padding_last_edited=&#8220;on|phone&#8220; [&hellip;]<\/p>\n","protected":false},"author":1,"featured_media":0,"parent":0,"menu_order":0,"comment_status":"closed","ping_status":"closed","template":"","meta":{"_et_pb_use_builder":"on","_et_pb_old_content":"","_et_gb_content_width":""},"_links":{"self":[{"href":"https:\/\/www.topcleanuklid.cz\/domains\/topcleanuklid.cz\/wp-json\/wp\/v2\/pages\/110"}],"collection":[{"href":"https:\/\/www.topcleanuklid.cz\/domains\/topcleanuklid.cz\/wp-json\/wp\/v2\/pages"}],"about":[{"href":"https:\/\/www.topcleanuklid.cz\/domains\/topcleanuklid.cz\/wp-json\/wp\/v2\/types\/page"}],"author":[{"embeddable":true,"href":"https:\/\/www.topcleanuklid.cz\/domains\/topcleanuklid.cz\/wp-json\/wp\/v2\/users\/1"}],"replies":[{"embeddable":true,"href":"https:\/\/www.topcleanuklid.cz\/domains\/topcleanuklid.cz\/wp-json\/wp\/v2\/comments?post=110"}],"version-history":[{"count":17,"href":"https:\/\/www.topcleanuklid.cz\/domains\/topcleanuklid.cz\/wp-json\/wp\/v2\/pages\/110\/revisions"}],"predecessor-version":[{"id":440,"href":"https:\/\/www.topcleanuklid.cz\/domains\/topcleanuklid.cz\/wp-json\/wp\/v2\/pages\/110\/revisions\/440"}],"wp:attachment":[{"href":"https:\/\/www.topcleanuklid.cz\/domains\/topcleanuklid.cz\/wp-json\/wp\/v2\/media?parent=110"}],"curies":[{"name":"wp","href":"https:\/\/api.w.org\/{rel}","templated":true}]}}