{"id":11,"date":"2020-01-28T21:53:16","date_gmt":"2020-01-28T20:53:16","guid":{"rendered":"http:\/\/www.topcleanuklid.cz\/domains\/topcleanuklid.cz\/?page_id=11"},"modified":"2021-02-01T20:16:53","modified_gmt":"2021-02-01T19:16:53","slug":"11-2","status":"publish","type":"page","link":"https:\/\/www.topcleanuklid.cz\/domains\/topcleanuklid.cz\/","title":{"rendered":"Hlavn\u00ed str\u00e1nka"},"content":{"rendered":"<p>[et_pb_section fb_built=&#8220;1&#8243; fullwidth=&#8220;on&#8220; admin_label=&#8220;Header&#8220; _builder_version=&#8220;4.6.0&#8243; background_image=&#8220;http:\/\/www.topcleanuklid.cz\/domains\/topcleanuklid.cz\/wp-content\/uploads\/2020\/01\/cleaning-services-06.jpg&#8220; custom_margin=&#8220;|||&#8220; custom_padding=&#8220;|||&#8220;][et_pb_fullwidth_header title=&#8220;Profesion\u00e1ln\u00ed \u00faklidov\u00e1 firma z Hradce Kr\u00e1lov\u00e9&#8220; button_one_text=&#8220;Kontakt&#8220; button_one_url=&#8220;http:\/\/www.topcleanuklid.cz\/domains\/topcleanuklid.cz\/kontakt#RK&#8220; button_two_text=&#8220;Na\u0161e slu\u017eby&#8220; button_two_url=&#8220;http:\/\/www.topcleanuklid.cz\/domains\/topcleanuklid.cz\/Sluzby#S&#8220; scroll_down_icon_size_tablet=&#8220;&#8220; scroll_down_icon_size_phone=&#8220;&#8220; scroll_down_icon_size_last_edited=&#8220;on|phone&#8220; button_one_text_last_edited=&#8220;off|desktop&#8220; _builder_version=&#8220;4.8.0&#8243; title_font=&#8220;Ubuntu|700|||||||&#8220; title_text_align=&#8220;left&#8220; title_font_size=&#8220;45px&#8220; title_line_height=&#8220;1.2em&#8220; content_font=&#8220;|600|||||||&#8220; content_font_size=&#8220;15px&#8220; content_line_height=&#8220;2em&#8220; background_color=&#8220;rgba(255,255,255,0)&#8220; use_background_color_gradient=&#8220;on&#8220; background_color_gradient_start=&#8220;rgba(255,255,255,0)&#8220; background_color_gradient_end=&#8220;#ffffff&#8220; background_color_gradient_type=&#8220;radial&#8220; background_color_gradient_direction_radial=&#8220;right&#8220; background_color_gradient_end_position=&#8220;70%&#8220; background_image=&#8220;http:\/\/www.topcleanuklid.cz\/domains\/topcleanuklid.cz\/wp-content\/uploads\/2020\/01\/cleaning-services-01.png&#8220; button_one_text_size=&#8220;18px&#8220; button_one_text_color=&#8220;#ffffff&#8220; button_one_bg_color_gradient_start=&#8220;#f2835a&#8220; button_one_bg_color_gradient_end=&#8220;#fab993&#8243; button_one_bg_color_gradient_direction=&#8220;90deg&#8220; button_one_bg_color_gradient_overlays_image=&#8220;on&#8220; button_one_border_width=&#8220;10px&#8220; button_one_border_color=&#8220;#01750a&#8220; button_one_border_radius=&#8220;0px&#8220; button_one_font=&#8220;Ubuntu|700|||||||&#8220; custom_button_two=&#8220;on&#8220; button_two_text_size=&#8220;18px&#8220; button_two_text_color=&#8220;#ffffff&#8220; button_two_bg_color=&#8220;#e06100&#8243; button_two_border_width=&#8220;10px&#8220; button_two_border_color=&#8220;#e06100&#8243; button_two_border_radius=&#8220;0px&#8220; button_two_font=&#8220;Ubuntu|700|||||||&#8220; background_layout=&#8220;light&#8220; custom_padding=&#8220;5vw||10vw||false|&#8220; custom_padding_tablet=&#8220;6vw||10vw||false&#8220; custom_padding_phone=&#8220;3vw||6vw||false&#8220; custom_padding_last_edited=&#8220;on|phone&#8220; animation_style=&#8220;fade&#8220; title_font_size_tablet=&#8220;35px&#8220; title_font_size_phone=&#8220;25px&#8220; title_font_size_last_edited=&#8220;on|phone&#8220; content_font_size_tablet=&#8220;16px&#8220; content_font_size_phone=&#8220;14px&#8220; content_font_size_last_edited=&#8220;on|phone&#8220; button_one_text_size_tablet=&#8220;&#8220; button_one_text_size_phone=&#8220;&#8220; button_one_text_size_last_edited=&#8220;on|desktop&#8220; button_one_border_radius_hover=&#8220;0px&#8220; button_two_border_radius_hover=&#8220;0px&#8220; button_one_text_size__hover_enabled=&#8220;off&#8220; button_two_text_size__hover_enabled=&#8220;off&#8220; button_one_text_color__hover_enabled=&#8220;off&#8220; button_two_text_color__hover_enabled=&#8220;off&#8220; button_two_border_width__hover_enabled=&#8220;off&#8220; button_one_border_color__hover_enabled=&#8220;off&#8220; button_two_border_color__hover_enabled=&#8220;off&#8220; button_one_border_radius__hover_enabled=&#8220;on&#8220; button_one_border_radius__hover=&#8220;0px&#8220; button_two_border_radius__hover_enabled=&#8220;on&#8220; button_two_border_radius__hover=&#8220;0px&#8220; button_one_letter_spacing__hover_enabled=&#8220;off&#8220; button_two_letter_spacing__hover_enabled=&#8220;off&#8220; button_two_bg_color__hover_enabled=&#8220;off&#8220; button_one_text__hover_enabled=&#8220;off|desktop&#8220;]<\/p>\n<p><span class=\"parent-message\">Zam\u011b\u0159ujeme se zejm\u00e9na na \u00faklid rodinn\u00fdch dom\u016f, byt\u016f, nebytov\u00fdch prostor v bytov\u00fdch domech, <\/span><\/p>\n<p><span class=\"parent-message\">firem a zdravotnick\u00fdch<\/span><span class=\"parent-message\"> za\u0159\u00edzen\u00ed v Kr\u00e1lov\u00e9hradeck\u00e9m a Pardubick\u00e9m kraji<\/span><\/p>\n<p>&nbsp;<\/p>\n<p>[\/et_pb_fullwidth_header][\/et_pb_section][et_pb_section fb_built=&#8220;1&#8243; admin_label=&#8220;Service Types&#8220; _builder_version=&#8220;4.2.2&#8243; use_background_color_gradient=&#8220;on&#8220; background_color_gradient_start=&#8220;#01750a&#8220; background_color_gradient_end=&#8220;#003306&#8243; background_color_gradient_direction=&#8220;90deg&#8220; max_width=&#8220;90%&#8220; max_width_tablet=&#8220;90%&#8220; max_width_phone=&#8220;100%&#8220; max_width_last_edited=&#8220;on|phone&#8220; module_alignment=&#8220;right&#8220; custom_margin=&#8220;-4vw||||false&#8220; custom_margin_last_edited=&#8220;off|desktop&#8220; animation_style=&#8220;slide&#8220; animation_direction=&#8220;left&#8220; animation_intensity_slide=&#8220;5%&#8220; border_radii=&#8220;on|6px|6px|6px|6px&#8220; box_shadow_style=&#8220;preset4&#8243; box_shadow_horizontal=&#8220;20px&#8220; box_shadow_vertical=&#8220;20px&#8220; box_shadow_color=&#8220;rgba(48,106,255,0.16)&#8220;][et_pb_row column_structure=&#8220;1_3,1_3,1_3&#8243; _builder_version=&#8220;3.25&#8243;][et_pb_column type=&#8220;1_3&#8243; _builder_version=&#8220;3.25&#8243; custom_padding=&#8220;|||&#8220; custom_padding__hover=&#8220;|||&#8220;][et_pb_blurb title=&#8220;\u00daklid dom\u00e1cnost\u00ed&#8220; use_icon=&#8220;on&#8220; font_icon=&#8220;%%102%%&#8220; icon_color=&#8220;#ffffff&#8220; icon_placement=&#8220;left&#8220; _builder_version=&#8220;4.2.2&#8243; header_level=&#8220;h6&#8243; header_font=&#8220;Ubuntu|700|||||||&#8220; header_font_size=&#8220;16px&#8220; header_line_height=&#8220;1.8em&#8220; body_font=&#8220;||||||||&#8220; background_layout=&#8220;dark&#8220; border_color_all=&#8220;rgba(255,255,255,0.15)&#8220; border_width_right=&#8220;2px&#8220;][\/et_pb_blurb][\/et_pb_column][et_pb_column type=&#8220;1_3&#8243; _builder_version=&#8220;3.25&#8243; custom_padding=&#8220;|||&#8220; custom_padding__hover=&#8220;|||&#8220;][et_pb_blurb title=&#8220;\u00daklid firem&#8220; use_icon=&#8220;on&#8220; font_icon=&#8220;%%144%%&#8220; icon_color=&#8220;#ffffff&#8220; icon_placement=&#8220;left&#8220; _builder_version=&#8220;4.2.2&#8243; header_level=&#8220;h6&#8243; header_font=&#8220;Ubuntu|700|||||||&#8220; header_font_size=&#8220;16px&#8220; header_line_height=&#8220;1.8em&#8220; body_font=&#8220;||||||||&#8220; background_layout=&#8220;dark&#8220; border_color_all=&#8220;rgba(255,255,255,0.15)&#8220; border_width_right=&#8220;2px&#8220;][\/et_pb_blurb][\/et_pb_column][et_pb_column type=&#8220;1_3&#8243; _builder_version=&#8220;3.25&#8243; custom_padding=&#8220;|||&#8220; custom_padding__hover=&#8220;|||&#8220;][et_pb_blurb title=&#8220;Mal\u00e9 opravy v dom\u00e1cnosti&#8220; use_icon=&#8220;on&#8220; font_icon=&#8220;%%173%%&#8220; icon_color=&#8220;#ffffff&#8220; icon_placement=&#8220;left&#8220; _builder_version=&#8220;4.8.0&#8243; header_level=&#8220;h6&#8243; header_font=&#8220;Ubuntu|700|||||||&#8220; header_font_size=&#8220;16px&#8220; header_line_height=&#8220;1.8em&#8220; body_font=&#8220;||||||||&#8220; background_layout=&#8220;dark&#8220; border_color_all=&#8220;rgba(255,255,255,0.15)&#8220; border_width_right=&#8220;2px&#8220;][\/et_pb_blurb][\/et_pb_column][\/et_pb_row][\/et_pb_section][et_pb_section fb_built=&#8220;1&#8243; admin_label=&#8220;Service Intervals&#8220; _builder_version=&#8220;3.22&#8243; background_color=&#8220;#ffffff&#8220; max_width=&#8220;90%&#8220; max_width_tablet=&#8220;90%&#8220; max_width_phone=&#8220;100%&#8220; max_width_last_edited=&#8220;on|tablet&#8220; custom_margin=&#8220;20px||||false&#8220; animation_style=&#8220;slide&#8220; animation_direction=&#8220;right&#8220; animation_intensity_slide=&#8220;5%&#8220; border_radii=&#8220;on|6px|6px|6px|6px&#8220; box_shadow_style=&#8220;preset1&#8243; box_shadow_horizontal=&#8220;80px&#8220; box_shadow_vertical=&#8220;80px&#8220; box_shadow_blur=&#8220;200px&#8220; box_shadow_color=&#8220;rgba(48,106,255,0.1)&#8220;][et_pb_row column_structure=&#8220;1_2,1_2&#8243; _builder_version=&#8220;3.25&#8243;][et_pb_column type=&#8220;1_2&#8243; _builder_version=&#8220;3.25&#8243; custom_padding=&#8220;|||&#8220; custom_padding__hover=&#8220;|||&#8220;][et_pb_blurb title=&#8220;Jednor\u00e1zov\u00e9 \u00faklidy&#8220; use_icon=&#8220;on&#8220; font_icon=&#8220;%%57%%&#8220; icon_placement=&#8220;left&#8220; _builder_version=&#8220;4.2.2&#8243; header_level=&#8220;h6&#8243; header_font=&#8220;Ubuntu|700|||||||&#8220; header_text_color=&#8220;#01750a&#8220; header_font_size=&#8220;16px&#8220; header_line_height=&#8220;1.8em&#8220; body_font=&#8220;||||||||&#8220; border_color_all=&#8220;rgba(85,125,243,0.15)&#8220; border_width_right=&#8220;2px&#8220; locked=&#8220;off&#8220;][\/et_pb_blurb][\/et_pb_column][et_pb_column type=&#8220;1_2&#8243; _builder_version=&#8220;3.25&#8243; custom_padding=&#8220;|||&#8220; custom_padding__hover=&#8220;|||&#8220;][et_pb_blurb title=&#8220;Pravideln\u00e9 \u00faklidy&#8220; use_icon=&#8220;on&#8220; font_icon=&#8220;%%135%%&#8220; icon_placement=&#8220;left&#8220; _builder_version=&#8220;4.2.2&#8243; header_level=&#8220;h6&#8243; header_font=&#8220;Ubuntu|700|||||||&#8220; header_text_color=&#8220;#01750a&#8220; header_font_size=&#8220;16px&#8220; header_line_height=&#8220;1.8em&#8220; body_font=&#8220;||||||||&#8220; border_color_all=&#8220;rgba(85,125,243,0.15)&#8220; border_width_right=&#8220;2px&#8220; locked=&#8220;off&#8220;][\/et_pb_blurb][\/et_pb_column][\/et_pb_row][\/et_pb_section][et_pb_section fb_built=&#8220;1&#8243; admin_label=&#8220;Testimonials&#8220; _builder_version=&#8220;3.22&#8243; custom_padding=&#8220;0|0px||0px|false|false&#8220; animation_style=&#8220;slide&#8220; animation_direction=&#8220;left&#8220; animation_intensity_slide=&#8220;5%&#8220;][\/et_pb_section][et_pb_section fb_built=&#8220;1&#8243; admin_label=&#8220;Footer&#8220; _builder_version=&#8220;4.2.2&#8243; use_background_color_gradient=&#8220;on&#8220; background_color_gradient_start=&#8220;#01750a&#8220; background_color_gradient_end=&#8220;#003306&#8243; background_color_gradient_direction=&#8220;90deg&#8220; max_width=&#8220;90%&#8220; max_width_tablet=&#8220;90%&#8220; max_width_phone=&#8220;100%&#8220; max_width_last_edited=&#8220;on|phone&#8220; module_alignment=&#8220;right&#8220; custom_margin=&#8220;|||&#8220; custom_margin_last_edited=&#8220;off|desktop&#8220; animation_style=&#8220;slide&#8220; animation_direction=&#8220;right&#8220; animation_intensity_slide=&#8220;5%&#8220; border_radii=&#8220;on|6px|6px|6px|6px&#8220; box_shadow_style=&#8220;preset4&#8243; box_shadow_horizontal=&#8220;20px&#8220; box_shadow_vertical=&#8220;-20px&#8220; box_shadow_color=&#8220;rgba(48,106,255,0.16)&#8220; saved_tabs=&#8220;all&#8220;][et_pb_row _builder_version=&#8220;4.2.2&#8243;][et_pb_column type=&#8220;4_4&#8243; _builder_version=&#8220;3.25&#8243; custom_padding=&#8220;|||&#8220; custom_padding__hover=&#8220;|||&#8220;][et_pb_cta title=&#8220;603 546 882&#8243; button_text=&#8220;Online rezervace ZDE&#8220; _builder_version=&#8220;4.6.0&#8243; header_level=&#8220;h4&#8243; header_font=&#8220;Ubuntu|700|||||||&#8220; header_font_size=&#8220;40px&#8220; header_line_height=&#8220;1.4em&#8220; body_font=&#8220;Ubuntu|700|||||||&#8220; body_font_size=&#8220;22px&#8220; body_line_height=&#8220;1.5em&#8220; background_color=&#8220;rgba(126,190,197,0)&#8220; custom_button=&#8220;on&#8220; button_text_size=&#8220;18px&#8220; button_text_color=&#8220;#01750a&#8220; button_bg_color=&#8220;#ffffff&#8220; button_border_width=&#8220;10px&#8220; button_border_color=&#8220;#ffffff&#8220; button_border_radius=&#8220;0px&#8220; button_font=&#8220;Ubuntu|700|||||||&#8220; header_font_size_tablet=&#8220;&#8220; header_font_size_phone=&#8220;24px&#8220; header_font_size_last_edited=&#8220;on|phone&#8220; button_border_radius_hover=&#8220;0px&#8220; button_text_size__hover_enabled=&#8220;off&#8220; button_one_text_size__hover_enabled=&#8220;off&#8220; button_two_text_size__hover_enabled=&#8220;off&#8220; button_text_color__hover_enabled=&#8220;off&#8220; button_one_text_color__hover_enabled=&#8220;off&#8220; button_two_text_color__hover_enabled=&#8220;off&#8220; button_border_width__hover_enabled=&#8220;off&#8220; button_one_border_width__hover_enabled=&#8220;off&#8220; button_two_border_width__hover_enabled=&#8220;off&#8220; button_border_color__hover_enabled=&#8220;off&#8220; button_one_border_color__hover_enabled=&#8220;off&#8220; button_two_border_color__hover_enabled=&#8220;off&#8220; button_border_radius__hover_enabled=&#8220;on&#8220; button_border_radius__hover=&#8220;0px&#8220; button_one_border_radius__hover_enabled=&#8220;off&#8220; button_two_border_radius__hover_enabled=&#8220;off&#8220; button_letter_spacing__hover_enabled=&#8220;off&#8220; button_one_letter_spacing__hover_enabled=&#8220;off&#8220; button_two_letter_spacing__hover_enabled=&#8220;off&#8220; button_bg_color__hover_enabled=&#8220;off&#8220; button_one_bg_color__hover_enabled=&#8220;off&#8220; button_two_bg_color__hover_enabled=&#8220;off&#8220;]<\/p>\n<p>Rezervujte si na\u0161e slu\u017eby ji\u017e DNES<\/p>\n<p>info@topcleanuklid.cz<\/p>\n<p>[\/et_pb_cta][\/et_pb_column][\/et_pb_row][\/et_pb_section]<\/p>\n","protected":false},"excerpt":{"rendered":"<p>[et_pb_section fb_built=&#8220;1&#8243; fullwidth=&#8220;on&#8220; admin_label=&#8220;Header&#8220; _builder_version=&#8220;4.6.0&#8243; background_image=&#8220;http:\/\/www.topcleanuklid.cz\/domains\/topcleanuklid.cz\/wp-content\/uploads\/2020\/01\/cleaning-services-06.jpg&#8220; custom_margin=&#8220;|||&#8220; custom_padding=&#8220;|||&#8220;][et_pb_fullwidth_header title=&#8220;Profesion\u00e1ln\u00ed \u00faklidov\u00e1 firma z Hradce Kr\u00e1lov\u00e9&#8220; button_one_text=&#8220;Kontakt&#8220; button_one_url=&#8220;http:\/\/www.topcleanuklid.cz\/domains\/topcleanuklid.cz\/kontakt#RK&#8220; button_two_text=&#8220;Na\u0161e slu\u017eby&#8220; button_two_url=&#8220;http:\/\/www.topcleanuklid.cz\/domains\/topcleanuklid.cz\/Sluzby#S&#8220; scroll_down_icon_size_tablet=&#8220;&#8220; scroll_down_icon_size_phone=&#8220;&#8220; scroll_down_icon_size_last_edited=&#8220;on|phone&#8220; button_one_text_last_edited=&#8220;off|desktop&#8220; _builder_version=&#8220;4.8.0&#8243; title_font=&#8220;Ubuntu|700|||||||&#8220; title_text_align=&#8220;left&#8220; title_font_size=&#8220;45px&#8220; title_line_height=&#8220;1.2em&#8220; content_font=&#8220;|600|||||||&#8220; content_font_size=&#8220;15px&#8220; content_line_height=&#8220;2em&#8220; background_color=&#8220;rgba(255,255,255,0)&#8220; use_background_color_gradient=&#8220;on&#8220; background_color_gradient_start=&#8220;rgba(255,255,255,0)&#8220; background_color_gradient_end=&#8220;#ffffff&#8220; background_color_gradient_type=&#8220;radial&#8220; background_color_gradient_direction_radial=&#8220;right&#8220; background_color_gradient_end_position=&#8220;70%&#8220; background_image=&#8220;http:\/\/www.topcleanuklid.cz\/domains\/topcleanuklid.cz\/wp-content\/uploads\/2020\/01\/cleaning-services-01.png&#8220; button_one_text_size=&#8220;18px&#8220; button_one_text_color=&#8220;#ffffff&#8220; button_one_bg_color_gradient_start=&#8220;#f2835a&#8220; button_one_bg_color_gradient_end=&#8220;#fab993&#8243; button_one_bg_color_gradient_direction=&#8220;90deg&#8220; button_one_bg_color_gradient_overlays_image=&#8220;on&#8220; button_one_border_width=&#8220;10px&#8220; button_one_border_color=&#8220;#01750a&#8220; button_one_border_radius=&#8220;0px&#8220; button_one_font=&#8220;Ubuntu|700|||||||&#8220; custom_button_two=&#8220;on&#8220; button_two_text_size=&#8220;18px&#8220; button_two_text_color=&#8220;#ffffff&#8220; button_two_bg_color=&#8220;#e06100&#8243; button_two_border_width=&#8220;10px&#8220; button_two_border_color=&#8220;#e06100&#8243; [&hellip;]<\/p>\n","protected":false},"author":1,"featured_media":0,"parent":0,"menu_order":0,"comment_status":"closed","ping_status":"closed","template":"","meta":{"_et_pb_use_builder":"on","_et_pb_old_content":"","_et_gb_content_width":""},"_links":{"self":[{"href":"https:\/\/www.topcleanuklid.cz\/domains\/topcleanuklid.cz\/wp-json\/wp\/v2\/pages\/11"}],"collection":[{"href":"https:\/\/www.topcleanuklid.cz\/domains\/topcleanuklid.cz\/wp-json\/wp\/v2\/pages"}],"about":[{"href":"https:\/\/www.topcleanuklid.cz\/domains\/topcleanuklid.cz\/wp-json\/wp\/v2\/types\/page"}],"author":[{"embeddable":true,"href":"https:\/\/www.topcleanuklid.cz\/domains\/topcleanuklid.cz\/wp-json\/wp\/v2\/users\/1"}],"replies":[{"embeddable":true,"href":"https:\/\/www.topcleanuklid.cz\/domains\/topcleanuklid.cz\/wp-json\/wp\/v2\/comments?post=11"}],"version-history":[{"count":26,"href":"https:\/\/www.topcleanuklid.cz\/domains\/topcleanuklid.cz\/wp-json\/wp\/v2\/pages\/11\/revisions"}],"predecessor-version":[{"id":432,"href":"https:\/\/www.topcleanuklid.cz\/domains\/topcleanuklid.cz\/wp-json\/wp\/v2\/pages\/11\/revisions\/432"}],"wp:attachment":[{"href":"https:\/\/www.topcleanuklid.cz\/domains\/topcleanuklid.cz\/wp-json\/wp\/v2\/media?parent=11"}],"curies":[{"name":"wp","href":"https:\/\/api.w.org\/{rel}","templated":true}]}}