{"id":150,"date":"2020-08-27T21:26:43","date_gmt":"2020-08-27T19:26:43","guid":{"rendered":"http:\/\/www.topcleanuklid.cz\/domains\/topcleanuklid.cz\/?page_id=150"},"modified":"2021-02-03T16:55:38","modified_gmt":"2021-02-03T15:55:38","slug":"kariera","status":"publish","type":"page","link":"http:\/\/www.topcleanuklid.cz\/domains\/topcleanuklid.cz\/kariera\/","title":{"rendered":"Kari\u00e9ra"},"content":{"rendered":"<p>[et_pb_section fb_built=&#8220;1&#8243; fullwidth=&#8220;on&#8220; admin_label=&#8220;Header&#8220; _builder_version=&#8220;4.6.0&#8243; background_image=&#8220;http:\/\/www.topcleanuklid.cz\/domains\/topcleanuklid.cz\/wp-content\/uploads\/2020\/08\/cleaning-services-03.jpg&#8220; custom_margin=&#8220;|||&#8220; custom_padding=&#8220;|||&#8220;][et_pb_fullwidth_header title=&#8220;P\u0159idejte se k n\u00e1m &#8230;.&#8220; button_one_text=&#8220;Kontaktuj N\u00c1S&#8220; button_one_url=&#8220;http:\/\/www.topcleanuklid.cz\/domains\/topcleanuklid.cz\/kontakt#RK&#8220; button_two_url=&#8220;#&#8220; scroll_down_icon_size_tablet=&#8220;&#8220; scroll_down_icon_size_phone=&#8220;&#8220; scroll_down_icon_size_last_edited=&#8220;on|phone&#8220; _builder_version=&#8220;4.8.0&#8243; title_font=&#8220;Ubuntu|700|||||||&#8220; title_font_size=&#8220;45px&#8220; title_line_height=&#8220;1.2em&#8220; content_font=&#8220;|600|||||||&#8220; content_font_size=&#8220;15px&#8220; content_line_height=&#8220;2em&#8220; background_color=&#8220;rgba(255,255,255,0)&#8220; use_background_color_gradient=&#8220;on&#8220; background_color_gradient_start=&#8220;rgba(255,255,255,0)&#8220; background_color_gradient_end=&#8220;#ffffff&#8220; background_color_gradient_type=&#8220;radial&#8220; background_color_gradient_direction_radial=&#8220;right&#8220; background_color_gradient_end_position=&#8220;70%&#8220; background_image=&#8220;http:\/\/www.topcleanuklid.cz\/domains\/topcleanuklid.cz\/wp-content\/uploads\/2020\/01\/cleaning-services-01.png&#8220; button_one_text_size=&#8220;18px&#8220; button_one_text_color=&#8220;#ffffff&#8220; button_one_bg_color_gradient_start=&#8220;#f2835a&#8220; button_one_bg_color_gradient_end=&#8220;#fab993&#8243; button_one_bg_color_gradient_direction=&#8220;90deg&#8220; button_one_bg_color_gradient_overlays_image=&#8220;on&#8220; button_one_border_width=&#8220;10px&#8220; button_one_border_color=&#8220;#01750a&#8220; button_one_border_radius=&#8220;0px&#8220; button_one_font=&#8220;Ubuntu|700|||||||&#8220; custom_button_two=&#8220;on&#8220; button_two_text_size=&#8220;18px&#8220; button_two_text_color=&#8220;#ffffff&#8220; button_two_bg_color=&#8220;#557df3&#8243; button_two_border_width=&#8220;10px&#8220; button_two_border_color=&#8220;#557df3&#8243; button_two_border_radius=&#8220;0px&#8220; button_two_font=&#8220;Ubuntu|700|||||||&#8220; background_layout=&#8220;light&#8220; custom_padding=&#8220;5vw||5vw||true|&#8220; custom_padding_tablet=&#8220;||||false&#8220; custom_padding_phone=&#8220;3vw||3vw||true&#8220; custom_padding_last_edited=&#8220;on|phone&#8220; animation_style=&#8220;fade&#8220; title_font_size_tablet=&#8220;35px&#8220; title_font_size_phone=&#8220;25px&#8220; title_font_size_last_edited=&#8220;on|phone&#8220; content_font_size_tablet=&#8220;16px&#8220; content_font_size_phone=&#8220;14px&#8220; content_font_size_last_edited=&#8220;on|phone&#8220; button_one_text_size_tablet=&#8220;&#8220; button_one_text_size_phone=&#8220;&#8220; button_one_text_size_last_edited=&#8220;on|desktop&#8220; button_one_border_radius_hover=&#8220;0px&#8220; button_two_border_radius_hover=&#8220;0px&#8220; button_one_text_size__hover_enabled=&#8220;off&#8220; button_two_text_size__hover_enabled=&#8220;off&#8220; button_one_text_color__hover_enabled=&#8220;off&#8220; button_two_text_color__hover_enabled=&#8220;off&#8220; button_one_border_width__hover_enabled=&#8220;off&#8220; button_two_border_width__hover_enabled=&#8220;off&#8220; button_one_border_color__hover_enabled=&#8220;off&#8220; button_two_border_color__hover_enabled=&#8220;off&#8220; button_one_border_radius__hover_enabled=&#8220;on&#8220; button_one_border_radius__hover=&#8220;0px&#8220; button_two_border_radius__hover_enabled=&#8220;on&#8220; button_two_border_radius__hover=&#8220;0px&#8220; button_one_letter_spacing__hover_enabled=&#8220;off&#8220; button_two_letter_spacing__hover_enabled=&#8220;off&#8220; button_one_bg_color__hover_enabled=&#8220;off&#8220; button_two_bg_color__hover_enabled=&#8220;off&#8220;]<\/p>\n<p>Hled\u00e1te pr\u00e1ci v dynamick\u00e9 firm\u011b a skv\u011bl\u00e9m kolektivu? Nev\u00e1hejte n\u00e1m napsat.<\/p>\n<p><span style=\"color: #008000;\">N\u00ed\u017ee vypsan\u00e9 nab\u00eddky jsou v\u017edy aktu\u00e1ln\u00ed.<\/span><\/p>\n<p>&nbsp;<\/p>\n<p>[\/et_pb_fullwidth_header][\/et_pb_section][et_pb_section fb_built=&#8220;1&#8243; admin_label=&#8220;Features&#8220; _builder_version=&#8220;3.22&#8243; background_color=&#8220;#ffffff&#8220; max_width=&#8220;90%&#8220; max_width_tablet=&#8220;90%&#8220; max_width_phone=&#8220;100%&#8220; max_width_last_edited=&#8220;on|phone&#8220; module_alignment=&#8220;right&#8220; custom_margin=&#8220;|||&#8220; animation_style=&#8220;slide&#8220; animation_direction=&#8220;right&#8220; animation_intensity_slide=&#8220;5%&#8220; border_radii=&#8220;on|6px|6px|6px|6px&#8220; box_shadow_style=&#8220;preset3&#8243; box_shadow_horizontal=&#8220;-60px&#8220; box_shadow_vertical=&#8220;-60px&#8220; box_shadow_blur=&#8220;200px&#8220; box_shadow_spread=&#8220;-40px&#8220; box_shadow_color=&#8220;rgba(48,106,255,0.16)&#8220;][et_pb_row column_structure=&#8220;1_3,1_3,1_3&#8243; _builder_version=&#8220;3.25&#8243;][et_pb_column type=&#8220;1_3&#8243; _builder_version=&#8220;3.25&#8243; custom_padding=&#8220;|||&#8220; custom_padding__hover=&#8220;|||&#8220;][\/et_pb_column][et_pb_column type=&#8220;1_3&#8243; _builder_version=&#8220;3.25&#8243; custom_padding=&#8220;|||&#8220; custom_padding__hover=&#8220;|||&#8220;][et_pb_text _builder_version=&#8220;4.6.0&#8243; text_font=&#8220;Ubuntu||||||||&#8220; text_font_size=&#8220;16px&#8220; text_line_height=&#8220;1.8em&#8220; header_font=&#8220;||||||||&#8220; header_2_font=&#8220;Ubuntu|700|||||||&#8220; header_2_text_align=&#8220;center&#8220; header_2_font_size=&#8220;40px&#8220; header_2_line_height=&#8220;1.4em&#8220; custom_margin=&#8220;|-85px||-85px||&#8220; header_2_font_size_tablet=&#8220;&#8220; header_2_font_size_phone=&#8220;24px&#8220; header_2_font_size_last_edited=&#8220;on|phone&#8220;]<\/p>\n<h2>Voln\u00e9 pracovn\u00ed pozice<\/h2>\n<p>[\/et_pb_text][\/et_pb_column][et_pb_column type=&#8220;1_3&#8243; _builder_version=&#8220;3.25&#8243; custom_padding=&#8220;|||&#8220; custom_padding__hover=&#8220;|||&#8220;][\/et_pb_column][\/et_pb_row][et_pb_row column_structure=&#8220;1_3,2_3&#8243; make_equal=&#8220;on&#8220; padding_top_bottom_link_2=&#8220;true&#8220; padding_left_right_link_2=&#8220;true&#8220; _builder_version=&#8220;3.25&#8243; background_color=&#8220;#ffffff&#8220; background_color_gradient_direction=&#8220;90deg&#8220; custom_margin=&#8220;|||15%&#8220; custom_margin_tablet=&#8220;80px|||10%&#8220; custom_margin_phone=&#8220;&#8220; custom_margin_last_edited=&#8220;on|phone&#8220; custom_padding=&#8220;0|0px|0|0px|true|false&#8220; animation_style=&#8220;slide&#8220; animation_direction=&#8220;right&#8220; animation_intensity_slide=&#8220;2%&#8220; box_shadow_style=&#8220;preset3&#8243; box_shadow_vertical=&#8220;20px&#8220; box_shadow_blur=&#8220;250px&#8220; box_shadow_spread=&#8220;0px&#8220; box_shadow_color=&#8220;rgba(48,106,255,0.16)&#8220;][et_pb_column type=&#8220;1_3&#8243; _builder_version=&#8220;3.25&#8243; background_image=&#8220;http:\/\/www.topcleanuklid.cz\/domains\/topcleanuklid.cz\/wp-content\/uploads\/2020\/01\/cleaning-services-10.jpg&#8220; custom_padding=&#8220;|||&#8220; custom_padding_tablet=&#8220;0%||0%||true&#8220; custom_padding_phone=&#8220;0%||0%|&#8220; custom_padding_last_edited=&#8220;off|desktop&#8220; padding_phone=&#8220;0%||0%|&#8220; padding_tablet=&#8220;0%||0%||true&#8220; padding_last_edited=&#8220;off|desktop&#8220; custom_padding__hover=&#8220;|||&#8220;][et_pb_divider show_divider=&#8220;off&#8220; _builder_version=&#8220;3.12.2&#8243; height=&#8220;300px&#8220;][\/et_pb_divider][\/et_pb_column][et_pb_column type=&#8220;2_3&#8243; _builder_version=&#8220;3.25&#8243; custom_padding=&#8220;60px|5%|60px|5%&#8220; custom_padding__hover=&#8220;|||&#8220;][et_pb_text _builder_version=&#8220;4.6.5&#8243; text_font=&#8220;||||||||&#8220; text_font_size=&#8220;15px&#8220; text_line_height=&#8220;2em&#8220; ul_font=&#8220;|700|||||||&#8220; ul_line_height=&#8220;2em&#8220; ol_font=&#8220;||||||||&#8220; header_font=&#8220;||||||||&#8220; header_2_font=&#8220;Ubuntu|700|||||||&#8220; header_2_font_size=&#8220;40px&#8220; header_2_line_height=&#8220;1.4em&#8220; header_3_font=&#8220;||||||||&#8220; header_4_font=&#8220;||||||||&#8220; header_5_font=&#8220;||||||||&#8220; header_6_font=&#8220;||||||||&#8220; header_2_font_size_tablet=&#8220;&#8220; header_2_font_size_phone=&#8220;24px&#8220; header_2_font_size_last_edited=&#8220;on|phone&#8220; locked=&#8220;off&#8220;]<\/p>\n<h3><strong>Pracovnice na jednor\u00e1zov\u00e9 \/ pravideln\u00e9 \u00faklidy<\/strong><\/h3>\n<p><span style=\"color: #008000;\"><\/span><\/p>\n<p><span style=\"color: #008000;\">N\u00e1pl\u0148 pr\u00e1ce:<\/span> \u00daklid bytov\u00fdch dom\u016f (nebytov\u00e9 prostory).<\/p>\n<p><span style=\"color: #008000;\">Druh pracovn\u00edho pom\u011bru:<\/span> Brig\u00e1da<\/p>\n<p><span style=\"color: #008000;\">Nab\u00edz\u00edme:<\/span><\/p>\n<ul>\n<li>Velmi dobr\u00e9 platov\u00e9 ohodnocen\u00ed (100k\u010d\/hod. + odm\u011bny)<\/li>\n<li>Voliteln\u00e1 pracovn\u00ed doba<\/li>\n<li>Dobr\u00fd t\u00fdm<\/li>\n<li>Firemn\u00ed setk\u00e1v\u00e1n\u00ed<\/li>\n<li>Pravideln\u00e9 \u0161kolen\u00ed<\/li>\n<li>P\u0159i oboustrann\u00e9 spokojenosti pr\u00e1ci na HPP<\/li>\n<\/ul>\n<p><span style=\"color: #008000;\">Po\u017eadujeme:<\/span><\/p>\n<ul>\n<li>\u010cist\u00fd trestn\u00ed rejst\u0159\u00edk<\/li>\n<li>Spolehlivost<\/li>\n<li>Slu\u0161n\u00e9 vystupov\u00e1n\u00ed<\/li>\n<li>Pe\u010dlivost<\/li>\n<\/ul>\n<p>&nbsp;<\/p>\n<p>[\/et_pb_text][\/et_pb_column][\/et_pb_row][\/et_pb_section][et_pb_section fb_built=&#8220;1&#8243; _builder_version=&#8220;4.6.0&#8243; _module_preset=&#8220;default&#8220;][et_pb_row _builder_version=&#8220;4.6.0&#8243; _module_preset=&#8220;default&#8220;][et_pb_column type=&#8220;4_4&#8243; _builder_version=&#8220;4.6.0&#8243; _module_preset=&#8220;default&#8220;][et_pb_text module_id=&#8220;K&#8220; _builder_version=&#8220;4.8.0&#8243; text_font=&#8220;Ubuntu||||||||&#8220; text_font_size=&#8220;16px&#8220; text_line_height=&#8220;1.8em&#8220; header_font=&#8220;||||||||&#8220; header_2_font=&#8220;Ubuntu|700|||||||&#8220; header_2_text_align=&#8220;center&#8220; header_2_font_size=&#8220;40px&#8220; header_2_line_height=&#8220;1.4em&#8220; header_2_font_size_tablet=&#8220;&#8220; header_2_font_size_phone=&#8220;24px&#8220; header_2_font_size_last_edited=&#8220;on|phone&#8220;]<\/p>\n<h3 style=\"text-align: center;\"><strong>Zaujala V\u00e1s mo\u017enost pracovat v na\u0161em t\u00fdmu ? <\/strong><\/h3>\n<p style=\"text-align: center;\"><span style=\"color: #008000;\">Vypl\u0148te kr\u00e1tk\u00fd formul\u00e1\u0159 a budeme V\u00e1s kontaktovat \ud83d\ude42<\/span><\/p>\n<p>[\/et_pb_text][et_pb_contact_form use_spam_service=&#8220;on&#8220; recaptcha_list=&#8220;add_new_account&#8220; recaptcha_account_name=&#8220;TOP CLEAN&#8220; recaptcha_site_key=&#8220;6LcFGMwZAAAAAB7DtGY58dlWC0mHqQzAkNOCDZz0&#8243; recaptcha_secret_key=&#8220;6LcFGMwZAAAAAIPUZeZbHQ66_s596LHXJswYR4yW&#8220; success_message=&#8220;D\u011bkujeme za zpr\u00e1vu :)&#8220; submit_button_text=&#8220;Odeslat formul\u00e1\u0159&#8220; module_id=&#8220;et_pb_contact_form_0&#8243; _builder_version=&#8220;4.8.0&#8243; form_field_background_color=&#8220;#f4f6f7&#8243; title_level=&#8220;h3&#8243; title_font=&#8220;Ubuntu|700|||||||&#8220; title_font_size=&#8220;40px&#8220; title_line_height=&#8220;1.2em&#8220; form_field_font=&#8220;||||||||&#8220; form_field_font_size=&#8220;16px&#8220; form_field_line_height=&#8220;1.9em&#8220; custom_button=&#8220;on&#8220; button_text_size=&#8220;18px&#8220; button_text_color=&#8220;#ffffff&#8220; button_bg_color=&#8220;#01750a&#8220; button_border_width=&#8220;10px&#8220; button_border_color=&#8220;#01750a&#8220; button_border_radius=&#8220;0px&#8220; button_font=&#8220;Ubuntu|700|||||||&#8220; custom_margin=&#8220;||24px|&#8220; hover_enabled=&#8220;0&#8243; title_font_size_tablet=&#8220;35px&#8220; title_font_size_phone=&#8220;25px&#8220; title_font_size_last_edited=&#8220;on|phone&#8220; form_background_color=&#8220;#f4f6f7&#8243; locked=&#8220;off&#8220; button_border_radius_hover=&#8220;0px&#8220; email=&#8220;info@topcleanuklid.cz&#8220; sticky_enabled=&#8220;0&#8243;][et_pb_contact_field field_id=&#8220;Jm\u00e9no&#8220; field_title=&#8220;Jm\u00e9no a P\u0159\u00edjmen\u00ed&#8220; fullwidth_field=&#8220;on&#8220; _builder_version=&#8220;4.2.2&#8243; form_field_font=&#8220;||||||||&#8220; custom_margin=&#8220;||24px|&#8220; button_text_size__hover_enabled=&#8220;off&#8220; button_one_text_size__hover_enabled=&#8220;off&#8220; button_two_text_size__hover_enabled=&#8220;off&#8220; button_text_color__hover_enabled=&#8220;off&#8220; button_one_text_color__hover_enabled=&#8220;off&#8220; button_two_text_color__hover_enabled=&#8220;off&#8220; button_border_width__hover_enabled=&#8220;off&#8220; button_one_border_width__hover_enabled=&#8220;off&#8220; button_two_border_width__hover_enabled=&#8220;off&#8220; button_border_color__hover_enabled=&#8220;off&#8220; button_one_border_color__hover_enabled=&#8220;off&#8220; button_two_border_color__hover_enabled=&#8220;off&#8220; button_border_radius__hover_enabled=&#8220;off&#8220; button_one_border_radius__hover_enabled=&#8220;off&#8220; button_two_border_radius__hover_enabled=&#8220;off&#8220; button_letter_spacing__hover_enabled=&#8220;off&#8220; button_one_letter_spacing__hover_enabled=&#8220;off&#8220; button_two_letter_spacing__hover_enabled=&#8220;off&#8220; button_bg_color__hover_enabled=&#8220;off&#8220; button_one_bg_color__hover_enabled=&#8220;off&#8220; button_two_bg_color__hover_enabled=&#8220;off&#8220;][\/et_pb_contact_field][et_pb_contact_field field_id=&#8220;Email&#8220; field_title=&#8220;E-mail&#8220; field_type=&#8220;email&#8220; fullwidth_field=&#8220;on&#8220; _builder_version=&#8220;4.8.0&#8243; custom_margin=&#8220;||24px|&#8220; button_text_size__hover_enabled=&#8220;off&#8220; button_one_text_size__hover_enabled=&#8220;off&#8220; button_two_text_size__hover_enabled=&#8220;off&#8220; button_text_color__hover_enabled=&#8220;off&#8220; button_one_text_color__hover_enabled=&#8220;off&#8220; button_two_text_color__hover_enabled=&#8220;off&#8220; button_border_width__hover_enabled=&#8220;off&#8220; button_one_border_width__hover_enabled=&#8220;off&#8220; button_two_border_width__hover_enabled=&#8220;off&#8220; button_border_color__hover_enabled=&#8220;off&#8220; button_one_border_color__hover_enabled=&#8220;off&#8220; button_two_border_color__hover_enabled=&#8220;off&#8220; button_border_radius__hover_enabled=&#8220;off&#8220; button_one_border_radius__hover_enabled=&#8220;off&#8220; button_two_border_radius__hover_enabled=&#8220;off&#8220; button_letter_spacing__hover_enabled=&#8220;off&#8220; button_one_letter_spacing__hover_enabled=&#8220;off&#8220; button_two_letter_spacing__hover_enabled=&#8220;off&#8220; button_bg_color__hover_enabled=&#8220;off&#8220; button_one_bg_color__hover_enabled=&#8220;off&#8220; button_two_bg_color__hover_enabled=&#8220;off&#8220;][\/et_pb_contact_field][et_pb_contact_field field_id=&#8220;Telefon&#8220; field_title=&#8220;Telefon (nepovinn\u00e9)&#8220; allowed_symbols=&#8220;numbers&#8220; required_mark=&#8220;off&#8220; fullwidth_field=&#8220;on&#8220; _builder_version=&#8220;4.6.0&#8243; form_field_font=&#8220;||||||||&#8220; custom_margin=&#8220;||24px|&#8220; button_text_size__hover_enabled=&#8220;off&#8220; button_one_text_size__hover_enabled=&#8220;off&#8220; button_two_text_size__hover_enabled=&#8220;off&#8220; button_text_color__hover_enabled=&#8220;off&#8220; button_one_text_color__hover_enabled=&#8220;off&#8220; button_two_text_color__hover_enabled=&#8220;off&#8220; button_border_width__hover_enabled=&#8220;off&#8220; button_one_border_width__hover_enabled=&#8220;off&#8220; button_two_border_width__hover_enabled=&#8220;off&#8220; button_border_color__hover_enabled=&#8220;off&#8220; button_one_border_color__hover_enabled=&#8220;off&#8220; button_two_border_color__hover_enabled=&#8220;off&#8220; button_border_radius__hover_enabled=&#8220;off&#8220; button_one_border_radius__hover_enabled=&#8220;off&#8220; button_two_border_radius__hover_enabled=&#8220;off&#8220; button_letter_spacing__hover_enabled=&#8220;off&#8220; button_one_letter_spacing__hover_enabled=&#8220;off&#8220; button_two_letter_spacing__hover_enabled=&#8220;off&#8220; button_bg_color__hover_enabled=&#8220;off&#8220; button_one_bg_color__hover_enabled=&#8220;off&#8220; button_two_bg_color__hover_enabled=&#8220;off&#8220;][\/et_pb_contact_field][et_pb_contact_field field_id=&#8220;typ_\u00faklid\u016f&#8220; field_title=&#8220;O jak\u00fd typ \u00faklid\u016f byste m\u011bl\/a z\u00e1jem ?&#8220; field_type=&#8220;checkbox&#8220; checkbox_options=&#8220;%91{%22value%22:%22Jednor\u00e1zov\u00e9%22,%22checked%22:0,%22dragID%22:-1},{%22value%22:%22Pravideln\u00e9%22,%22checked%22:0,%22dragID%22:0}%93&#8243; fullwidth_field=&#8220;on&#8220; _builder_version=&#8220;4.8.0&#8243; _module_preset=&#8220;default&#8220;][\/et_pb_contact_field][et_pb_contact_field field_id=&#8220;odpoledne\/dopoledne&#8220; field_title=&#8220;Kdy by V\u00e1m vyhovovalo ukl\u00edzet ?&#8220; field_type=&#8220;checkbox&#8220; checkbox_options=&#8220;%91{%22value%22:%22Dopoledne%22,%22checked%22:0,%22dragID%22:-1},{%22value%22:%22Odpoledne%22,%22checked%22:0,%22dragID%22:0}%93&#8243; fullwidth_field=&#8220;on&#8220; _builder_version=&#8220;4.8.0&#8243; _module_preset=&#8220;default&#8220;][\/et_pb_contact_field][et_pb_contact_field field_id=&#8220;V\u00edkend&#8220; field_title=&#8220;M\u016f\u017eete pracovat o v\u00edkendu ?&#8220; field_type=&#8220;checkbox&#8220; checkbox_options=&#8220;%91{%22value%22:%22Ano%22,%22checked%22:0,%22dragID%22:-1},{%22value%22:%22Ne%22,%22checked%22:0,%22dragID%22:0},{%22value%22:%22Ob\u010das%22,%22checked%22:0,%22dragID%22:1}%93&#8243; fullwidth_field=&#8220;on&#8220; _builder_version=&#8220;4.8.0&#8243; _module_preset=&#8220;default&#8220;][\/et_pb_contact_field][\/et_pb_contact_form][\/et_pb_column][\/et_pb_row][\/et_pb_section][et_pb_section fb_built=&#8220;1&#8243; admin_label=&#8220;Footer&#8220; _builder_version=&#8220;4.2.2&#8243; use_background_color_gradient=&#8220;on&#8220; background_color_gradient_start=&#8220;#01750a&#8220; background_color_gradient_end=&#8220;#003306&#8243; background_color_gradient_direction=&#8220;90deg&#8220; max_width=&#8220;90%&#8220; max_width_tablet=&#8220;90%&#8220; max_width_phone=&#8220;100%&#8220; max_width_last_edited=&#8220;on|phone&#8220; module_alignment=&#8220;right&#8220; custom_margin=&#8220;|||&#8220; custom_margin_last_edited=&#8220;off|desktop&#8220; animation_style=&#8220;slide&#8220; animation_direction=&#8220;right&#8220; animation_intensity_slide=&#8220;5%&#8220; border_radii=&#8220;on|6px|6px|6px|6px&#8220; box_shadow_style=&#8220;preset4&#8243; box_shadow_horizontal=&#8220;20px&#8220; box_shadow_vertical=&#8220;-20px&#8220; box_shadow_color=&#8220;rgba(48,106,255,0.16)&#8220; saved_tabs=&#8220;all&#8220;][et_pb_row _builder_version=&#8220;4.2.2&#8243;][et_pb_column type=&#8220;4_4&#8243; _builder_version=&#8220;3.25&#8243; custom_padding=&#8220;|||&#8220; custom_padding__hover=&#8220;|||&#8220;][et_pb_cta title=&#8220;603 546 882&#8243; button_text=&#8220;Online rezervace ZDE&#8220; _builder_version=&#8220;4.6.0&#8243; header_level=&#8220;h4&#8243; header_font=&#8220;Ubuntu|700|||||||&#8220; header_font_size=&#8220;40px&#8220; header_line_height=&#8220;1.4em&#8220; body_font=&#8220;Ubuntu|700|||||||&#8220; body_font_size=&#8220;22px&#8220; body_line_height=&#8220;1.5em&#8220; background_color=&#8220;rgba(126,190,197,0)&#8220; custom_button=&#8220;on&#8220; button_text_size=&#8220;18px&#8220; button_text_color=&#8220;#01750a&#8220; button_bg_color=&#8220;#ffffff&#8220; button_border_width=&#8220;10px&#8220; button_border_color=&#8220;#ffffff&#8220; button_border_radius=&#8220;0px&#8220; button_font=&#8220;Ubuntu|700|||||||&#8220; header_font_size_tablet=&#8220;&#8220; header_font_size_phone=&#8220;24px&#8220; header_font_size_last_edited=&#8220;on|phone&#8220; button_border_radius_hover=&#8220;0px&#8220; button_text_size__hover_enabled=&#8220;off&#8220; button_one_text_size__hover_enabled=&#8220;off&#8220; button_two_text_size__hover_enabled=&#8220;off&#8220; button_text_color__hover_enabled=&#8220;off&#8220; button_one_text_color__hover_enabled=&#8220;off&#8220; button_two_text_color__hover_enabled=&#8220;off&#8220; button_border_width__hover_enabled=&#8220;off&#8220; button_one_border_width__hover_enabled=&#8220;off&#8220; button_two_border_width__hover_enabled=&#8220;off&#8220; button_border_color__hover_enabled=&#8220;off&#8220; button_one_border_color__hover_enabled=&#8220;off&#8220; button_two_border_color__hover_enabled=&#8220;off&#8220; button_border_radius__hover_enabled=&#8220;on&#8220; button_border_radius__hover=&#8220;0px&#8220; button_one_border_radius__hover_enabled=&#8220;off&#8220; button_two_border_radius__hover_enabled=&#8220;off&#8220; button_letter_spacing__hover_enabled=&#8220;off&#8220; button_one_letter_spacing__hover_enabled=&#8220;off&#8220; button_two_letter_spacing__hover_enabled=&#8220;off&#8220; button_bg_color__hover_enabled=&#8220;off&#8220; button_one_bg_color__hover_enabled=&#8220;off&#8220; button_two_bg_color__hover_enabled=&#8220;off&#8220;]<\/p>\n<p>P\u0159idej se do na\u0161eho t\u00fdmu !<\/p>\n<p>[\/et_pb_cta][\/et_pb_column][\/et_pb_row][\/et_pb_section]<\/p>\n","protected":false},"excerpt":{"rendered":"<p>[et_pb_section fb_built=&#8220;1&#8243; fullwidth=&#8220;on&#8220; admin_label=&#8220;Header&#8220; _builder_version=&#8220;4.6.0&#8243; background_image=&#8220;http:\/\/www.topcleanuklid.cz\/domains\/topcleanuklid.cz\/wp-content\/uploads\/2020\/08\/cleaning-services-03.jpg&#8220; custom_margin=&#8220;|||&#8220; custom_padding=&#8220;|||&#8220;][et_pb_fullwidth_header title=&#8220;P\u0159idejte se k n\u00e1m &#8230;.&#8220; button_one_text=&#8220;Kontaktuj N\u00c1S&#8220; button_one_url=&#8220;http:\/\/www.topcleanuklid.cz\/domains\/topcleanuklid.cz\/kontakt#RK&#8220; button_two_url=&#8220;#&#8220; scroll_down_icon_size_tablet=&#8220;&#8220; scroll_down_icon_size_phone=&#8220;&#8220; scroll_down_icon_size_last_edited=&#8220;on|phone&#8220; _builder_version=&#8220;4.8.0&#8243; title_font=&#8220;Ubuntu|700|||||||&#8220; title_font_size=&#8220;45px&#8220; title_line_height=&#8220;1.2em&#8220; content_font=&#8220;|600|||||||&#8220; content_font_size=&#8220;15px&#8220; content_line_height=&#8220;2em&#8220; background_color=&#8220;rgba(255,255,255,0)&#8220; use_background_color_gradient=&#8220;on&#8220; background_color_gradient_start=&#8220;rgba(255,255,255,0)&#8220; background_color_gradient_end=&#8220;#ffffff&#8220; background_color_gradient_type=&#8220;radial&#8220; background_color_gradient_direction_radial=&#8220;right&#8220; background_color_gradient_end_position=&#8220;70%&#8220; background_image=&#8220;http:\/\/www.topcleanuklid.cz\/domains\/topcleanuklid.cz\/wp-content\/uploads\/2020\/01\/cleaning-services-01.png&#8220; button_one_text_size=&#8220;18px&#8220; button_one_text_color=&#8220;#ffffff&#8220; button_one_bg_color_gradient_start=&#8220;#f2835a&#8220; button_one_bg_color_gradient_end=&#8220;#fab993&#8243; button_one_bg_color_gradient_direction=&#8220;90deg&#8220; button_one_bg_color_gradient_overlays_image=&#8220;on&#8220; button_one_border_width=&#8220;10px&#8220; button_one_border_color=&#8220;#01750a&#8220; button_one_border_radius=&#8220;0px&#8220; button_one_font=&#8220;Ubuntu|700|||||||&#8220; custom_button_two=&#8220;on&#8220; button_two_text_size=&#8220;18px&#8220; button_two_text_color=&#8220;#ffffff&#8220; button_two_bg_color=&#8220;#557df3&#8243; button_two_border_width=&#8220;10px&#8220; button_two_border_color=&#8220;#557df3&#8243; button_two_border_radius=&#8220;0px&#8220; button_two_font=&#8220;Ubuntu|700|||||||&#8220; background_layout=&#8220;light&#8220; custom_padding=&#8220;5vw||5vw||true|&#8220; [&hellip;]<\/p>\n","protected":false},"author":1,"featured_media":0,"parent":0,"menu_order":0,"comment_status":"closed","ping_status":"closed","template":"","meta":{"_et_pb_use_builder":"on","_et_pb_old_content":"","_et_gb_content_width":""},"_links":{"self":[{"href":"http:\/\/www.topcleanuklid.cz\/domains\/topcleanuklid.cz\/wp-json\/wp\/v2\/pages\/150"}],"collection":[{"href":"http:\/\/www.topcleanuklid.cz\/domains\/topcleanuklid.cz\/wp-json\/wp\/v2\/pages"}],"about":[{"href":"http:\/\/www.topcleanuklid.cz\/domains\/topcleanuklid.cz\/wp-json\/wp\/v2\/types\/page"}],"author":[{"embeddable":true,"href":"http:\/\/www.topcleanuklid.cz\/domains\/topcleanuklid.cz\/wp-json\/wp\/v2\/users\/1"}],"replies":[{"embeddable":true,"href":"http:\/\/www.topcleanuklid.cz\/domains\/topcleanuklid.cz\/wp-json\/wp\/v2\/comments?post=150"}],"version-history":[{"count":19,"href":"http:\/\/www.topcleanuklid.cz\/domains\/topcleanuklid.cz\/wp-json\/wp\/v2\/pages\/150\/revisions"}],"predecessor-version":[{"id":462,"href":"http:\/\/www.topcleanuklid.cz\/domains\/topcleanuklid.cz\/wp-json\/wp\/v2\/pages\/150\/revisions\/462"}],"wp:attachment":[{"href":"http:\/\/www.topcleanuklid.cz\/domains\/topcleanuklid.cz\/wp-json\/wp\/v2\/media?parent=150"}],"curies":[{"name":"wp","href":"https:\/\/api.w.org\/{rel}","templated":true}]}}